{"id":31,"date":"2025-05-16T16:47:30","date_gmt":"2025-05-16T14:47:30","guid":{"rendered":"https:\/\/draveilcitadelletc.fr\/?page_id=31"},"modified":"2025-09-27T12:40:17","modified_gmt":"2025-09-27T10:40:17","slug":"accueil","status":"publish","type":"page","link":"https:\/\/draveilcitadelletc.fr\/","title":{"rendered":""},"content":{"rendered":"\t\t<div data-elementor-type=\"wp-page\" data-elementor-id=\"31\" class=\"elementor elementor-31\">\n\t\t\t\t<div class=\"elementor-element elementor-element-436b563 e-grid e-con-full e-con e-parent\" data-id=\"436b563\" data-element_type=\"container\" data-e-type=\"container\" data-settings=\"{&quot;background_background&quot;:&quot;classic&quot;,&quot;animation&quot;:&quot;none&quot;}\">\n\t\t<div class=\"elementor-element elementor-element-45426d6 e-con-full e-flex e-con e-child\" data-id=\"45426d6\" data-element_type=\"container\" data-e-type=\"container\">\n\t\t\t\t<div class=\"elementor-element elementor-element-68c7bdb elementor-widget elementor-widget-video\" data-id=\"68c7bdb\" data-element_type=\"widget\" data-e-type=\"widget\" data-settings=\"{&quot;video_type&quot;:&quot;hosted&quot;,&quot;autoplay&quot;:&quot;yes&quot;,&quot;play_on_mobile&quot;:&quot;yes&quot;,&quot;loop&quot;:&quot;yes&quot;,&quot;mute&quot;:&quot;yes&quot;}\" data-widget_type=\"video.default\">\n\t\t\t\t<div class=\"elementor-widget-container\">\n\t\t\t\t\t\t\t<div class=\"e-hosted-video elementor-wrapper elementor-open-inline\">\n\t\t\t\t\t<video class=\"elementor-video\" src=\"http:\/\/draveilcitadelletc.fr\/wp-content\/uploads\/2025\/09\/Master-V2-drone-insta-DCTC-05-06-25_2.mp4\" autoplay=\"\" loop=\"\" muted=\"muted\" playsinline=\"\" controlsList=\"nodownload\"><\/video>\n\t\t\t\t<\/div>\n\t\t\t\t\t\t<\/div>\n\t\t\t\t<\/div>\n\t\t\t\t<div class=\"elementor-element elementor-element-d9ad54b elementor-widget__width-inherit elementor-widget elementor-widget-text-editor\" data-id=\"d9ad54b\" data-element_type=\"widget\" data-e-type=\"widget\" data-widget_type=\"text-editor.default\">\n\t\t\t\t<div class=\"elementor-widget-container\">\n\t\t\t\t\t\t\t\t\t<p>Bienvenue au<br \/><strong>Draveil Citadelle<\/strong><br \/><strong>Tennis Club<\/strong><\/p>\t\t\t\t\t\t\t\t<\/div>\n\t\t\t\t<\/div>\n\t\t\t\t<div class=\"elementor-element elementor-element-e59f232 elementor-widget elementor-widget-image\" data-id=\"e59f232\" data-element_type=\"widget\" data-e-type=\"widget\" data-widget_type=\"image.default\">\n\t\t\t\t<div class=\"elementor-widget-container\">\n\t\t\t\t\t\t\t\t\t\t\t\t\t\t\t<img decoding=\"async\" width=\"60\" height=\"60\" src=\"https:\/\/draveilcitadelletc.fr\/wp-content\/uploads\/2025\/05\/fleche_scroll.png\" class=\"attachment-full size-full wp-image-217\" alt=\"\" \/>\t\t\t\t\t\t\t\t\t\t\t\t\t\t\t<\/div>\n\t\t\t\t<\/div>\n\t\t\t\t<\/div>\n\t\t\t\t<\/div>\n\t\t<div class=\"elementor-element elementor-element-3e57b8d e-grid e-con-boxed e-con e-parent\" data-id=\"3e57b8d\" data-element_type=\"container\" data-e-type=\"container\" data-settings=\"{&quot;background_background&quot;:&quot;classic&quot;}\">\n\t\t\t\t\t<div class=\"e-con-inner\">\n\t\t\t\t<div class=\"elementor-element elementor-element-3298fcd elementor-widget elementor-widget-counter\" data-id=\"3298fcd\" data-element_type=\"widget\" data-e-type=\"widget\" data-widget_type=\"counter.default\">\n\t\t\t\t<div class=\"elementor-widget-container\">\n\t\t\t\t\t\t\t<div class=\"elementor-counter\">\n\t\t\t<div class=\"elementor-counter-title\">Terrains ext\u00e9rieurs<\/div>\t\t\t<div class=\"elementor-counter-number-wrapper\">\n\t\t\t\t<span class=\"elementor-counter-number-prefix\"><\/span>\n\t\t\t\t<span class=\"elementor-counter-number\" data-duration=\"2000\" data-to-value=\"11\" data-from-value=\"0\" data-delimiter=\",\">0<\/span>\n\t\t\t\t<span class=\"elementor-counter-number-suffix\"><\/span>\n\t\t\t<\/div>\n\t\t<\/div>\n\t\t\t\t\t\t<\/div>\n\t\t\t\t<\/div>\n\t\t\t\t<div class=\"elementor-element elementor-element-c3abc0e elementor-widget elementor-widget-counter\" data-id=\"c3abc0e\" data-element_type=\"widget\" data-e-type=\"widget\" data-widget_type=\"counter.default\">\n\t\t\t\t<div class=\"elementor-widget-container\">\n\t\t\t\t\t\t\t<div class=\"elementor-counter\">\n\t\t\t<div class=\"elementor-counter-title\">Terrains couverts<\/div>\t\t\t<div class=\"elementor-counter-number-wrapper\">\n\t\t\t\t<span class=\"elementor-counter-number-prefix\"><\/span>\n\t\t\t\t<span class=\"elementor-counter-number\" data-duration=\"2000\" data-to-value=\"4\" data-from-value=\"0\" data-delimiter=\",\">0<\/span>\n\t\t\t\t<span class=\"elementor-counter-number-suffix\"><\/span>\n\t\t\t<\/div>\n\t\t<\/div>\n\t\t\t\t\t\t<\/div>\n\t\t\t\t<\/div>\n\t\t\t\t<div class=\"elementor-element elementor-element-0e44c2c elementor-widget elementor-widget-counter\" data-id=\"0e44c2c\" data-element_type=\"widget\" data-e-type=\"widget\" data-widget_type=\"counter.default\">\n\t\t\t\t<div class=\"elementor-widget-container\">\n\t\t\t\t\t\t\t<div class=\"elementor-counter\">\n\t\t\t<div class=\"elementor-counter-title\">Adh\u00e9rents<\/div>\t\t\t<div class=\"elementor-counter-number-wrapper\">\n\t\t\t\t<span class=\"elementor-counter-number-prefix\"><\/span>\n\t\t\t\t<span class=\"elementor-counter-number\" data-duration=\"2000\" data-to-value=\"647\" data-from-value=\"0\" data-delimiter=\",\">0<\/span>\n\t\t\t\t<span class=\"elementor-counter-number-suffix\"><\/span>\n\t\t\t<\/div>\n\t\t<\/div>\n\t\t\t\t\t\t<\/div>\n\t\t\t\t<\/div>\n\t\t\t\t<div class=\"elementor-element elementor-element-ecd77e0 elementor-widget elementor-widget-counter\" data-id=\"ecd77e0\" data-element_type=\"widget\" data-e-type=\"widget\" data-widget_type=\"counter.default\">\n\t\t\t\t<div class=\"elementor-widget-container\">\n\t\t\t\t\t\t\t<div class=\"elementor-counter\">\n\t\t\t<div class=\"elementor-counter-title\">Enseignants<\/div>\t\t\t<div class=\"elementor-counter-number-wrapper\">\n\t\t\t\t<span class=\"elementor-counter-number-prefix\"><\/span>\n\t\t\t\t<span class=\"elementor-counter-number\" data-duration=\"2000\" data-to-value=\"5\" data-from-value=\"0\" data-delimiter=\",\">0<\/span>\n\t\t\t\t<span class=\"elementor-counter-number-suffix\"><\/span>\n\t\t\t<\/div>\n\t\t<\/div>\n\t\t\t\t\t\t<\/div>\n\t\t\t\t<\/div>\n\t\t\t\t<div class=\"elementor-element elementor-element-75f16d6 elementor-widget elementor-widget-counter\" data-id=\"75f16d6\" data-element_type=\"widget\" data-e-type=\"widget\" data-widget_type=\"counter.default\">\n\t\t\t\t<div class=\"elementor-widget-container\">\n\t\t\t\t\t\t\t<div class=\"elementor-counter\">\n\t\t\t<div class=\"elementor-counter-title\">Cr\u00e9ation du club<\/div>\t\t\t<div class=\"elementor-counter-number-wrapper\">\n\t\t\t\t<span class=\"elementor-counter-number-prefix\"><\/span>\n\t\t\t\t<span class=\"elementor-counter-number\" data-duration=\"2000\" data-to-value=\"1968\" data-from-value=\"0\">0<\/span>\n\t\t\t\t<span class=\"elementor-counter-number-suffix\"><\/span>\n\t\t\t<\/div>\n\t\t<\/div>\n\t\t\t\t\t\t<\/div>\n\t\t\t\t<\/div>\n\t\t\t\t\t<\/div>\n\t\t\t\t<\/div>\n\t\t<div class=\"elementor-element elementor-element-ad728a5 e-con-full e-flex e-con e-parent\" data-id=\"ad728a5\" data-element_type=\"container\" data-e-type=\"container\" data-settings=\"{&quot;background_background&quot;:&quot;classic&quot;}\">\n\t\t\t\t<div class=\"elementor-element elementor-element-7292cb6 elementor-widget elementor-widget-spacer\" data-id=\"7292cb6\" data-element_type=\"widget\" data-e-type=\"widget\" data-widget_type=\"spacer.default\">\n\t\t\t\t<div class=\"elementor-widget-container\">\n\t\t\t\t\t\t\t<div class=\"elementor-spacer\">\n\t\t\t<div class=\"elementor-spacer-inner\"><\/div>\n\t\t<\/div>\n\t\t\t\t\t\t<\/div>\n\t\t\t\t<\/div>\n\t\t\t\t<div class=\"elementor-element elementor-element-dbf7818 elementor-arrows-position-outside elementor-widget elementor-widget-image-carousel\" data-id=\"dbf7818\" data-element_type=\"widget\" data-e-type=\"widget\" data-settings=\"{&quot;slides_to_show&quot;:&quot;5&quot;,&quot;navigation&quot;:&quot;arrows&quot;,&quot;image_spacing_custom&quot;:{&quot;unit&quot;:&quot;px&quot;,&quot;size&quot;:40,&quot;sizes&quot;:[]},&quot;slides_to_show_mobile&quot;:&quot;2&quot;,&quot;autoplay&quot;:&quot;yes&quot;,&quot;pause_on_hover&quot;:&quot;yes&quot;,&quot;pause_on_interaction&quot;:&quot;yes&quot;,&quot;autoplay_speed&quot;:5000,&quot;infinite&quot;:&quot;yes&quot;,&quot;speed&quot;:500,&quot;image_spacing_custom_tablet&quot;:{&quot;unit&quot;:&quot;px&quot;,&quot;size&quot;:&quot;&quot;,&quot;sizes&quot;:[]},&quot;image_spacing_custom_mobile&quot;:{&quot;unit&quot;:&quot;px&quot;,&quot;size&quot;:&quot;&quot;,&quot;sizes&quot;:[]}}\" data-widget_type=\"image-carousel.default\">\n\t\t\t\t<div class=\"elementor-widget-container\">\n\t\t\t\t\t\t\t<div class=\"elementor-image-carousel-wrapper swiper\" role=\"region\" aria-roledescription=\"carousel\" aria-label=\"Carrousel d\u2019images\" dir=\"ltr\">\n\t\t\t<div class=\"elementor-image-carousel swiper-wrapper\" aria-live=\"off\">\n\t\t\t\t\t\t\t\t<div class=\"swiper-slide\" role=\"group\" aria-roledescription=\"slide\" aria-label=\"1 sur 6\"><figure class=\"swiper-slide-inner\"><img decoding=\"async\" class=\"swiper-slide-image\" src=\"https:\/\/draveilcitadelletc.fr\/wp-content\/uploads\/2025\/05\/club_affilie.jpg\" alt=\"club_affilie\" \/><\/figure><\/div><div class=\"swiper-slide\" role=\"group\" aria-roledescription=\"slide\" aria-label=\"2 sur 6\"><figure class=\"swiper-slide-inner\"><img decoding=\"async\" class=\"swiper-slide-image\" src=\"https:\/\/draveilcitadelletc.fr\/wp-content\/uploads\/2025\/05\/petits_fils.jpg\" alt=\"petits_fils\" \/><\/figure><\/div><div class=\"swiper-slide\" role=\"group\" aria-roledescription=\"slide\" aria-label=\"3 sur 6\"><figure class=\"swiper-slide-inner\"><img decoding=\"async\" class=\"swiper-slide-image\" src=\"https:\/\/draveilcitadelletc.fr\/wp-content\/uploads\/2025\/05\/comite_essonne.jpg\" alt=\"comite_essonne\" \/><\/figure><\/div><div class=\"swiper-slide\" role=\"group\" aria-roledescription=\"slide\" aria-label=\"4 sur 6\"><figure class=\"swiper-slide-inner\"><img decoding=\"async\" class=\"swiper-slide-image\" src=\"https:\/\/draveilcitadelletc.fr\/wp-content\/uploads\/2025\/05\/ville_draveil.jpg\" alt=\"ville_draveil\" \/><\/figure><\/div><div class=\"swiper-slide\" role=\"group\" aria-roledescription=\"slide\" aria-label=\"5 sur 6\"><figure class=\"swiper-slide-inner\"><img decoding=\"async\" class=\"swiper-slide-image\" src=\"https:\/\/draveilcitadelletc.fr\/wp-content\/uploads\/2025\/05\/head.jpg\" alt=\"head\" \/><\/figure><\/div><div class=\"swiper-slide\" role=\"group\" aria-roledescription=\"slide\" aria-label=\"6 sur 6\"><figure class=\"swiper-slide-inner\"><img decoding=\"async\" class=\"swiper-slide-image\" src=\"https:\/\/draveilcitadelletc.fr\/wp-content\/uploads\/2025\/09\/logo_tennis_compagnie-e1758730610287.png\" alt=\"logo_tennis_compagnie\" \/><\/figure><\/div>\t\t\t<\/div>\n\t\t\t\t\t\t\t\t\t\t\t\t<div class=\"elementor-swiper-button elementor-swiper-button-prev\" role=\"button\" tabindex=\"0\">\n\t\t\t\t\t\t<svg aria-hidden=\"true\" class=\"e-font-icon-svg e-eicon-chevron-left\" viewBox=\"0 0 1000 1000\" xmlns=\"http:\/\/www.w3.org\/2000\/svg\"><path d=\"M646 125C629 125 613 133 604 142L308 442C296 454 292 471 292 487 292 504 296 521 308 533L604 854C617 867 629 875 646 875 663 875 679 871 692 858 704 846 713 829 713 812 713 796 708 779 692 767L438 487 692 225C700 217 708 204 708 187 708 171 704 154 692 142 675 129 663 125 646 125Z\"><\/path><\/svg>\t\t\t\t\t<\/div>\n\t\t\t\t\t<div class=\"elementor-swiper-button elementor-swiper-button-next\" role=\"button\" tabindex=\"0\">\n\t\t\t\t\t\t<svg aria-hidden=\"true\" class=\"e-font-icon-svg e-eicon-chevron-right\" viewBox=\"0 0 1000 1000\" xmlns=\"http:\/\/www.w3.org\/2000\/svg\"><path d=\"M696 533C708 521 713 504 713 487 713 471 708 454 696 446L400 146C388 133 375 125 354 125 338 125 325 129 313 142 300 154 292 171 292 187 292 204 296 221 308 233L563 492 304 771C292 783 288 800 288 817 288 833 296 850 308 863 321 871 338 875 354 875 371 875 388 867 400 854L696 533Z\"><\/path><\/svg>\t\t\t\t\t<\/div>\n\t\t\t\t\n\t\t\t\t\t\t\t\t\t<\/div>\n\t\t\t\t\t\t<\/div>\n\t\t\t\t<\/div>\n\t\t\t\t<div class=\"elementor-element elementor-element-95798ca elementor-widget elementor-widget-spacer\" data-id=\"95798ca\" data-element_type=\"widget\" data-e-type=\"widget\" data-widget_type=\"spacer.default\">\n\t\t\t\t<div class=\"elementor-widget-container\">\n\t\t\t\t\t\t\t<div class=\"elementor-spacer\">\n\t\t\t<div class=\"elementor-spacer-inner\"><\/div>\n\t\t<\/div>\n\t\t\t\t\t\t<\/div>\n\t\t\t\t<\/div>\n\t\t\t\t<\/div>\n\t\t\t\t<\/div>\n\t\t","protected":false},"excerpt":{"rendered":"<p>http:\/\/draveilcitadelletc.fr\/wp-content\/uploads\/2025\/09\/Master-V2-drone-insta-DCTC-05-06-25_2.mp4 Bienvenue auDraveil CitadelleTennis Club Terrains ext\u00e9rieurs 0 Terrains couverts 0 Adh\u00e9rents 0 Enseignants 0 Cr\u00e9ation du club 0<\/p>\n","protected":false},"author":1,"featured_media":0,"parent":0,"menu_order":0,"comment_status":"closed","ping_status":"closed","template":"elementor_header_footer","meta":{"site-sidebar-layout":"default","site-content-layout":"","ast-site-content-layout":"default","site-content-style":"default","site-sidebar-style":"default","ast-global-header-display":"","ast-banner-title-visibility":"","ast-main-header-display":"","ast-hfb-above-header-display":"","ast-hfb-below-header-display":"","ast-hfb-mobile-header-display":"","site-post-title":"","ast-breadcrumbs-content":"","ast-featured-img":"","footer-sml-layout":"","theme-transparent-header-meta":"","adv-header-id-meta":"","stick-header-meta":"","header-above-stick-meta":"","header-main-stick-meta":"","header-below-stick-meta":"","astra-migrate-meta-layouts":"default","ast-page-background-enabled":"default","ast-page-background-meta":{"desktop":{"background-color":"var(--ast-global-color-5)","background-image":"","background-repeat":"repeat","background-position":"center center","background-size":"auto","background-attachment":"scroll","background-type":"","background-media":"","overlay-type":"","overlay-color":"","overlay-opacity":"","overlay-gradient":""},"tablet":{"background-color":"","background-image":"","background-repeat":"repeat","background-position":"center center","background-size":"auto","background-attachment":"scroll","background-type":"","background-media":"","overlay-type":"","overlay-color":"","overlay-opacity":"","overlay-gradient":""},"mobile":{"background-color":"","background-image":"","background-repeat":"repeat","background-position":"center center","background-size":"auto","background-attachment":"scroll","background-type":"","background-media":"","overlay-type":"","overlay-color":"","overlay-opacity":"","overlay-gradient":""}},"ast-content-background-meta":{"desktop":{"background-color":"var(--ast-global-color-4)","background-image":"","background-repeat":"repeat","background-position":"center center","background-size":"auto","background-attachment":"scroll","background-type":"","background-media":"","overlay-type":"","overlay-color":"","overlay-opacity":"","overlay-gradient":""},"tablet":{"background-color":"var(--ast-global-color-4)","background-image":"","background-repeat":"repeat","background-position":"center center","background-size":"auto","background-attachment":"scroll","background-type":"","background-media":"","overlay-type":"","overlay-color":"","overlay-opacity":"","overlay-gradient":""},"mobile":{"background-color":"var(--ast-global-color-4)","background-image":"","background-repeat":"repeat","background-position":"center center","background-size":"auto","background-attachment":"scroll","background-type":"","background-media":"","overlay-type":"","overlay-color":"","overlay-opacity":"","overlay-gradient":""}},"footnotes":""},"class_list":["post-31","page","type-page","status-publish","hentry"],"yoast_head":"<!-- This site is optimized with the Yoast SEO plugin v27.3 - https:\/\/yoast.com\/product\/yoast-seo-wordpress\/ -->\n<title>Draveil Citadelle Tennis Club<\/title>\n<meta name=\"description\" content=\"Bienvenue dans le tout nouveau site du plus grand club de tennis de l&#039;Essonne. Vous y retrouverez toutes les informations n\u00e9cessaire pour s&#039;inscrire et pratiquer le tennis de la meilleure des fa\u00e7ons.\" \/>\n<meta name=\"robots\" content=\"index, follow, max-snippet:-1, max-image-preview:large, max-video-preview:-1\" \/>\n<link rel=\"canonical\" href=\"https:\/\/draveilcitadelletc.fr\/\" \/>\n<meta property=\"og:locale\" content=\"fr_FR\" \/>\n<meta property=\"og:type\" content=\"article\" \/>\n<meta property=\"og:title\" content=\"DRAVEIL CITADELLE TENNIS CLUB\" \/>\n<meta property=\"og:description\" content=\"Bienvenue dans le tout nouveau site du plus grand club de tennis de l&#039;Essonne. Vous y retrouverez toutes les informations n\u00e9cessaire pour s&#039;inscrire et pratiquer le tennis de la meilleure des fa\u00e7ons.\" \/>\n<meta property=\"og:url\" content=\"https:\/\/draveilcitadelletc.fr\/\" \/>\n<meta property=\"og:site_name\" content=\"DRAVEIL TENNIS\" \/>\n<meta property=\"article:publisher\" content=\"https:\/\/www.facebook.com\/draveilcitadelletc\/?locale=fr_FR\" \/>\n<meta property=\"article:modified_time\" content=\"2025-09-27T10:40:17+00:00\" \/>\n<meta property=\"og:image\" content=\"http:\/\/draveilcitadelletc.fr\/wp-content\/uploads\/2025\/05\/fleche_scroll.png\" \/>\n<meta name=\"twitter:card\" content=\"summary_large_image\" \/>\n<meta name=\"twitter:label1\" content=\"Dur\u00e9e de lecture estim\u00e9e\" \/>\n\t<meta name=\"twitter:data1\" content=\"2 minutes\" \/>\n<script type=\"application\/ld+json\" class=\"yoast-schema-graph\">{\"@context\":\"https:\\\/\\\/schema.org\",\"@graph\":[{\"@type\":[\"WebPage\",\"SearchResultsPage\"],\"@id\":\"https:\\\/\\\/draveilcitadelletc.fr\\\/\",\"url\":\"https:\\\/\\\/draveilcitadelletc.fr\\\/\",\"name\":\"Draveil Citadelle Tennis Club\",\"isPartOf\":{\"@id\":\"https:\\\/\\\/draveilcitadelletc.fr\\\/#website\"},\"primaryImageOfPage\":{\"@id\":\"https:\\\/\\\/draveilcitadelletc.fr\\\/#primaryimage\"},\"image\":{\"@id\":\"https:\\\/\\\/draveilcitadelletc.fr\\\/#primaryimage\"},\"thumbnailUrl\":\"http:\\\/\\\/draveilcitadelletc.fr\\\/wp-content\\\/uploads\\\/2025\\\/05\\\/fleche_scroll.png\",\"datePublished\":\"2025-05-16T14:47:30+00:00\",\"dateModified\":\"2025-09-27T10:40:17+00:00\",\"description\":\"Bienvenue dans le tout nouveau site du plus grand club de tennis de l'Essonne. Vous y retrouverez toutes les informations n\u00e9cessaire pour s'inscrire et pratiquer le tennis de la meilleure des fa\u00e7ons.\",\"inLanguage\":\"fr-FR\",\"potentialAction\":[{\"@type\":\"ReadAction\",\"target\":[\"https:\\\/\\\/draveilcitadelletc.fr\\\/\"]}]},{\"@type\":\"ImageObject\",\"inLanguage\":\"fr-FR\",\"@id\":\"https:\\\/\\\/draveilcitadelletc.fr\\\/#primaryimage\",\"url\":\"https:\\\/\\\/draveilcitadelletc.fr\\\/wp-content\\\/uploads\\\/2025\\\/05\\\/fleche_scroll.png\",\"contentUrl\":\"https:\\\/\\\/draveilcitadelletc.fr\\\/wp-content\\\/uploads\\\/2025\\\/05\\\/fleche_scroll.png\",\"width\":60,\"height\":60},{\"@type\":\"WebSite\",\"@id\":\"https:\\\/\\\/draveilcitadelletc.fr\\\/#website\",\"url\":\"https:\\\/\\\/draveilcitadelletc.fr\\\/\",\"name\":\"DRAVEIL CITADELLE TENNIS CLUB\",\"description\":\"Club de tennis de Draveil\",\"publisher\":{\"@id\":\"https:\\\/\\\/draveilcitadelletc.fr\\\/#organization\"},\"potentialAction\":[{\"@type\":\"SearchAction\",\"target\":{\"@type\":\"EntryPoint\",\"urlTemplate\":\"https:\\\/\\\/draveilcitadelletc.fr\\\/?s={search_term_string}\"},\"query-input\":{\"@type\":\"PropertyValueSpecification\",\"valueRequired\":true,\"valueName\":\"search_term_string\"}}],\"inLanguage\":\"fr-FR\"},{\"@type\":\"Organization\",\"@id\":\"https:\\\/\\\/draveilcitadelletc.fr\\\/#organization\",\"name\":\"DRAVEIL CITADELLE TENNIS CLUB\",\"url\":\"https:\\\/\\\/draveilcitadelletc.fr\\\/\",\"logo\":{\"@type\":\"ImageObject\",\"inLanguage\":\"fr-FR\",\"@id\":\"https:\\\/\\\/draveilcitadelletc.fr\\\/#\\\/schema\\\/logo\\\/image\\\/\",\"url\":\"https:\\\/\\\/draveilcitadelletc.fr\\\/wp-content\\\/uploads\\\/2025\\\/05\\\/version_def_vect.png\",\"contentUrl\":\"https:\\\/\\\/draveilcitadelletc.fr\\\/wp-content\\\/uploads\\\/2025\\\/05\\\/version_def_vect.png\",\"width\":528,\"height\":592,\"caption\":\"DRAVEIL CITADELLE TENNIS CLUB\"},\"image\":{\"@id\":\"https:\\\/\\\/draveilcitadelletc.fr\\\/#\\\/schema\\\/logo\\\/image\\\/\"},\"sameAs\":[\"https:\\\/\\\/www.facebook.com\\\/draveilcitadelletc\\\/?locale=fr_FR\",\"https:\\\/\\\/www.instagram.com\\\/draveilcitadelletennisclub\\\/\"]}]}<\/script>\n<!-- \/ Yoast SEO plugin. -->","yoast_head_json":{"title":"Draveil Citadelle Tennis Club","description":"Bienvenue dans le tout nouveau site du plus grand club de tennis de l'Essonne. Vous y retrouverez toutes les informations n\u00e9cessaire pour s'inscrire et pratiquer le tennis de la meilleure des fa\u00e7ons.","robots":{"index":"index","follow":"follow","max-snippet":"max-snippet:-1","max-image-preview":"max-image-preview:large","max-video-preview":"max-video-preview:-1"},"canonical":"https:\/\/draveilcitadelletc.fr\/","og_locale":"fr_FR","og_type":"article","og_title":"DRAVEIL CITADELLE TENNIS CLUB","og_description":"Bienvenue dans le tout nouveau site du plus grand club de tennis de l'Essonne. Vous y retrouverez toutes les informations n\u00e9cessaire pour s'inscrire et pratiquer le tennis de la meilleure des fa\u00e7ons.","og_url":"https:\/\/draveilcitadelletc.fr\/","og_site_name":"DRAVEIL TENNIS","article_publisher":"https:\/\/www.facebook.com\/draveilcitadelletc\/?locale=fr_FR","article_modified_time":"2025-09-27T10:40:17+00:00","og_image":[{"url":"http:\/\/draveilcitadelletc.fr\/wp-content\/uploads\/2025\/05\/fleche_scroll.png","type":"","width":"","height":""}],"twitter_card":"summary_large_image","twitter_misc":{"Dur\u00e9e de lecture estim\u00e9e":"2 minutes"},"schema":{"@context":"https:\/\/schema.org","@graph":[{"@type":["WebPage","SearchResultsPage"],"@id":"https:\/\/draveilcitadelletc.fr\/","url":"https:\/\/draveilcitadelletc.fr\/","name":"Draveil Citadelle Tennis Club","isPartOf":{"@id":"https:\/\/draveilcitadelletc.fr\/#website"},"primaryImageOfPage":{"@id":"https:\/\/draveilcitadelletc.fr\/#primaryimage"},"image":{"@id":"https:\/\/draveilcitadelletc.fr\/#primaryimage"},"thumbnailUrl":"http:\/\/draveilcitadelletc.fr\/wp-content\/uploads\/2025\/05\/fleche_scroll.png","datePublished":"2025-05-16T14:47:30+00:00","dateModified":"2025-09-27T10:40:17+00:00","description":"Bienvenue dans le tout nouveau site du plus grand club de tennis de l'Essonne. Vous y retrouverez toutes les informations n\u00e9cessaire pour s'inscrire et pratiquer le tennis de la meilleure des fa\u00e7ons.","inLanguage":"fr-FR","potentialAction":[{"@type":"ReadAction","target":["https:\/\/draveilcitadelletc.fr\/"]}]},{"@type":"ImageObject","inLanguage":"fr-FR","@id":"https:\/\/draveilcitadelletc.fr\/#primaryimage","url":"https:\/\/draveilcitadelletc.fr\/wp-content\/uploads\/2025\/05\/fleche_scroll.png","contentUrl":"https:\/\/draveilcitadelletc.fr\/wp-content\/uploads\/2025\/05\/fleche_scroll.png","width":60,"height":60},{"@type":"WebSite","@id":"https:\/\/draveilcitadelletc.fr\/#website","url":"https:\/\/draveilcitadelletc.fr\/","name":"DRAVEIL CITADELLE TENNIS CLUB","description":"Club de tennis de Draveil","publisher":{"@id":"https:\/\/draveilcitadelletc.fr\/#organization"},"potentialAction":[{"@type":"SearchAction","target":{"@type":"EntryPoint","urlTemplate":"https:\/\/draveilcitadelletc.fr\/?s={search_term_string}"},"query-input":{"@type":"PropertyValueSpecification","valueRequired":true,"valueName":"search_term_string"}}],"inLanguage":"fr-FR"},{"@type":"Organization","@id":"https:\/\/draveilcitadelletc.fr\/#organization","name":"DRAVEIL CITADELLE TENNIS CLUB","url":"https:\/\/draveilcitadelletc.fr\/","logo":{"@type":"ImageObject","inLanguage":"fr-FR","@id":"https:\/\/draveilcitadelletc.fr\/#\/schema\/logo\/image\/","url":"https:\/\/draveilcitadelletc.fr\/wp-content\/uploads\/2025\/05\/version_def_vect.png","contentUrl":"https:\/\/draveilcitadelletc.fr\/wp-content\/uploads\/2025\/05\/version_def_vect.png","width":528,"height":592,"caption":"DRAVEIL CITADELLE TENNIS CLUB"},"image":{"@id":"https:\/\/draveilcitadelletc.fr\/#\/schema\/logo\/image\/"},"sameAs":["https:\/\/www.facebook.com\/draveilcitadelletc\/?locale=fr_FR","https:\/\/www.instagram.com\/draveilcitadelletennisclub\/"]}]}},"_links":{"self":[{"href":"https:\/\/draveilcitadelletc.fr\/index.php?rest_route=\/wp\/v2\/pages\/31","targetHints":{"allow":["GET"]}}],"collection":[{"href":"https:\/\/draveilcitadelletc.fr\/index.php?rest_route=\/wp\/v2\/pages"}],"about":[{"href":"https:\/\/draveilcitadelletc.fr\/index.php?rest_route=\/wp\/v2\/types\/page"}],"author":[{"embeddable":true,"href":"https:\/\/draveilcitadelletc.fr\/index.php?rest_route=\/wp\/v2\/users\/1"}],"replies":[{"embeddable":true,"href":"https:\/\/draveilcitadelletc.fr\/index.php?rest_route=%2Fwp%2Fv2%2Fcomments&post=31"}],"version-history":[{"count":572,"href":"https:\/\/draveilcitadelletc.fr\/index.php?rest_route=\/wp\/v2\/pages\/31\/revisions"}],"predecessor-version":[{"id":2611,"href":"https:\/\/draveilcitadelletc.fr\/index.php?rest_route=\/wp\/v2\/pages\/31\/revisions\/2611"}],"wp:attachment":[{"href":"https:\/\/draveilcitadelletc.fr\/index.php?rest_route=%2Fwp%2Fv2%2Fmedia&parent=31"}],"curies":[{"name":"wp","href":"https:\/\/api.w.org\/{rel}","templated":true}]}}