{"id":1593,"date":"2025-09-11T18:26:40","date_gmt":"2025-09-11T16:26:40","guid":{"rendered":"https:\/\/draveilcitadelletc.fr\/?page_id=1593"},"modified":"2026-01-16T13:58:01","modified_gmt":"2026-01-16T12:58:01","slug":"mes-evenements","status":"publish","type":"page","link":"https:\/\/draveilcitadelletc.fr\/?page_id=1593","title":{"rendered":"Mes \u00e9v\u00e8nements"},"content":{"rendered":"\t\t<div data-elementor-type=\"wp-page\" data-elementor-id=\"1593\" class=\"elementor elementor-1593\">\n\t\t\t\t<div class=\"elementor-element elementor-element-1268663 e-flex e-con-boxed e-con e-parent\" data-id=\"1268663\" data-element_type=\"container\" data-e-type=\"container\" data-settings=\"{&quot;background_background&quot;:&quot;classic&quot;}\">\n\t\t\t\t\t<div class=\"e-con-inner\">\n\t\t<div class=\"elementor-element elementor-element-0618b96 e-con-full e-flex e-con e-child\" data-id=\"0618b96\" data-element_type=\"container\" data-e-type=\"container\">\n\t\t<div class=\"elementor-element elementor-element-d21e97a e-con-full e-flex e-con e-child\" data-id=\"d21e97a\" data-element_type=\"container\" data-e-type=\"container\">\n\t\t\t\t<div class=\"elementor-element elementor-element-74d83f6 elementor-widget elementor-widget-spacer\" data-id=\"74d83f6\" data-element_type=\"widget\" data-e-type=\"widget\" data-widget_type=\"spacer.default\">\n\t\t\t\t<div class=\"elementor-widget-container\">\n\t\t\t\t\t\t\t<div class=\"elementor-spacer\">\n\t\t\t<div class=\"elementor-spacer-inner\"><\/div>\n\t\t<\/div>\n\t\t\t\t\t\t<\/div>\n\t\t\t\t<\/div>\n\t\t\t\t<div class=\"elementor-element elementor-element-6803a7f elementor-widget elementor-widget-text-editor\" data-id=\"6803a7f\" data-element_type=\"widget\" data-e-type=\"widget\" data-widget_type=\"text-editor.default\">\n\t\t\t\t<div class=\"elementor-widget-container\">\n\t\t\t\t\t\t\t\t\t<p>Mes <strong>\u00e9v\u00e8nements<\/strong><\/p>\t\t\t\t\t\t\t\t<\/div>\n\t\t\t\t<\/div>\n\t\t\t\t<div class=\"elementor-element elementor-element-b8122f9 elementor-widget-divider--view-line elementor-widget elementor-widget-divider\" data-id=\"b8122f9\" data-element_type=\"widget\" data-e-type=\"widget\" data-widget_type=\"divider.default\">\n\t\t\t\t<div class=\"elementor-widget-container\">\n\t\t\t\t\t\t\t<div class=\"elementor-divider\">\n\t\t\t<span class=\"elementor-divider-separator\">\n\t\t\t\t\t\t<\/span>\n\t\t<\/div>\n\t\t\t\t\t\t<\/div>\n\t\t\t\t<\/div>\n\t\t\t\t<div class=\"elementor-element elementor-element-3d3b4ed elementor-widget elementor-widget-spacer\" data-id=\"3d3b4ed\" data-element_type=\"widget\" data-e-type=\"widget\" data-widget_type=\"spacer.default\">\n\t\t\t\t<div class=\"elementor-widget-container\">\n\t\t\t\t\t\t\t<div class=\"elementor-spacer\">\n\t\t\t<div class=\"elementor-spacer-inner\"><\/div>\n\t\t<\/div>\n\t\t\t\t\t\t<\/div>\n\t\t\t\t<\/div>\n\t\t\t\t<\/div>\n\t\t<div class=\"elementor-element elementor-element-af3fb68 e-con-full e-flex e-con e-child\" data-id=\"af3fb68\" data-element_type=\"container\" data-e-type=\"container\">\n\t\t\t\t<div class=\"elementor-element elementor-element-06c7d82 elementor-widget elementor-widget-text-editor\" data-id=\"06c7d82\" data-element_type=\"widget\" data-e-type=\"widget\" data-widget_type=\"text-editor.default\">\n\t\t\t\t<div class=\"elementor-widget-container\">\n\t\t\t\t\t\t\t\t\t<p>Novembre 2025<\/p>\t\t\t\t\t\t\t\t<\/div>\n\t\t\t\t<\/div>\n\t\t\t\t<div class=\"elementor-element elementor-element-c085a11 elementor-widget-divider--view-line elementor-widget elementor-widget-divider\" data-id=\"c085a11\" data-element_type=\"widget\" data-e-type=\"widget\" data-widget_type=\"divider.default\">\n\t\t\t\t<div class=\"elementor-widget-container\">\n\t\t\t\t\t\t\t<div class=\"elementor-divider\">\n\t\t\t<span class=\"elementor-divider-separator\">\n\t\t\t\t\t\t<\/span>\n\t\t<\/div>\n\t\t\t\t\t\t<\/div>\n\t\t\t\t<\/div>\n\t\t\t\t<div class=\"elementor-element elementor-element-a5c40c7 elementor-widget elementor-widget-text-editor\" data-id=\"a5c40c7\" data-element_type=\"widget\" data-e-type=\"widget\" data-widget_type=\"text-editor.default\">\n\t\t\t\t<div class=\"elementor-widget-container\">\n\t\t\t\t\t\t\t\t\t<p><strong>Rassemblement U6 <\/strong>de 15h30 \u00e0 16h30 au Stade Fournier.<\/p><p><strong>Plateau U10<\/strong> \u201cJe fais mes premiers matchs dans mon club\u201d de 16h30 \u00e0 18h30 au Stade Fournier<\/p>\t\t\t\t\t\t\t\t<\/div>\n\t\t\t\t<\/div>\n\t\t\t\t<div class=\"elementor-element elementor-element-9faa217 elementor-widget elementor-widget-spacer\" data-id=\"9faa217\" data-element_type=\"widget\" data-e-type=\"widget\" data-widget_type=\"spacer.default\">\n\t\t\t\t<div class=\"elementor-widget-container\">\n\t\t\t\t\t\t\t<div class=\"elementor-spacer\">\n\t\t\t<div class=\"elementor-spacer-inner\"><\/div>\n\t\t<\/div>\n\t\t\t\t\t\t<\/div>\n\t\t\t\t<\/div>\n\t\t\t\t<\/div>\n\t\t<div class=\"elementor-element elementor-element-421665b e-con-full e-flex e-con e-child\" data-id=\"421665b\" data-element_type=\"container\" data-e-type=\"container\">\n\t\t\t\t<div class=\"elementor-element elementor-element-3c8bd7c elementor-widget elementor-widget-text-editor\" data-id=\"3c8bd7c\" data-element_type=\"widget\" data-e-type=\"widget\" data-widget_type=\"text-editor.default\">\n\t\t\t\t<div class=\"elementor-widget-container\">\n\t\t\t\t\t\t\t\t\t<p>17 Janvier 2026<\/p>\t\t\t\t\t\t\t\t<\/div>\n\t\t\t\t<\/div>\n\t\t\t\t<div class=\"elementor-element elementor-element-d774fac elementor-widget-divider--view-line elementor-widget elementor-widget-divider\" data-id=\"d774fac\" data-element_type=\"widget\" data-e-type=\"widget\" data-widget_type=\"divider.default\">\n\t\t\t\t<div class=\"elementor-widget-container\">\n\t\t\t\t\t\t\t<div class=\"elementor-divider\">\n\t\t\t<span class=\"elementor-divider-separator\">\n\t\t\t\t\t\t<\/span>\n\t\t<\/div>\n\t\t\t\t\t\t<\/div>\n\t\t\t\t<\/div>\n\t\t\t\t<div class=\"elementor-element elementor-element-214f984 elementor-widget elementor-widget-text-editor\" data-id=\"214f984\" data-element_type=\"widget\" data-e-type=\"widget\" data-widget_type=\"text-editor.default\">\n\t\t\t\t<div class=\"elementor-widget-container\">\n\t\t\t\t\t\t\t\t\t<p><strong>R\u00e9union des comp\u00e9titeurs Interclubs S\u00e9niors <\/strong>de 15h \u00e0 19h au Stade Fournier.<\/p>\t\t\t\t\t\t\t\t<\/div>\n\t\t\t\t<\/div>\n\t\t\t\t<div class=\"elementor-element elementor-element-bd09048 elementor-widget elementor-widget-spacer\" data-id=\"bd09048\" data-element_type=\"widget\" data-e-type=\"widget\" data-widget_type=\"spacer.default\">\n\t\t\t\t<div class=\"elementor-widget-container\">\n\t\t\t\t\t\t\t<div class=\"elementor-spacer\">\n\t\t\t<div class=\"elementor-spacer-inner\"><\/div>\n\t\t<\/div>\n\t\t\t\t\t\t<\/div>\n\t\t\t\t<\/div>\n\t\t\t\t<\/div>\n\t\t<div class=\"elementor-element elementor-element-8adc4d7 e-con-full e-flex e-con e-child\" data-id=\"8adc4d7\" data-element_type=\"container\" data-e-type=\"container\">\n\t\t\t\t<div class=\"elementor-element elementor-element-18a2f34 elementor-widget elementor-widget-text-editor\" data-id=\"18a2f34\" data-element_type=\"widget\" data-e-type=\"widget\" data-widget_type=\"text-editor.default\">\n\t\t\t\t<div class=\"elementor-widget-container\">\n\t\t\t\t\t\t\t\t\t<p>14 F\u00e9vrier 2026<\/p>\t\t\t\t\t\t\t\t<\/div>\n\t\t\t\t<\/div>\n\t\t\t\t<div class=\"elementor-element elementor-element-05c9754 elementor-widget-divider--view-line elementor-widget elementor-widget-divider\" data-id=\"05c9754\" data-element_type=\"widget\" data-e-type=\"widget\" data-widget_type=\"divider.default\">\n\t\t\t\t<div class=\"elementor-widget-container\">\n\t\t\t\t\t\t\t<div class=\"elementor-divider\">\n\t\t\t<span class=\"elementor-divider-separator\">\n\t\t\t\t\t\t<\/span>\n\t\t<\/div>\n\t\t\t\t\t\t<\/div>\n\t\t\t\t<\/div>\n\t\t\t\t<div class=\"elementor-element elementor-element-9273b8b elementor-widget elementor-widget-text-editor\" data-id=\"9273b8b\" data-element_type=\"widget\" data-e-type=\"widget\" data-widget_type=\"text-editor.default\">\n\t\t\t\t<div class=\"elementor-widget-container\">\n\t\t\t\t\t\t\t\t\t<p><strong>Rassemblement U6 <\/strong>de 15h30 \u00e0 16h30 au Stade Fournier.<\/p><p><strong>Plateau U10<\/strong> \u201cJe fais mes premiers matchs dans mon club\u201d de 16h30 \u00e0 18h30 au Stade Fournier<\/p>\t\t\t\t\t\t\t\t<\/div>\n\t\t\t\t<\/div>\n\t\t\t\t<div class=\"elementor-element elementor-element-ed677a8 elementor-widget elementor-widget-spacer\" data-id=\"ed677a8\" data-element_type=\"widget\" data-e-type=\"widget\" data-widget_type=\"spacer.default\">\n\t\t\t\t<div class=\"elementor-widget-container\">\n\t\t\t\t\t\t\t<div class=\"elementor-spacer\">\n\t\t\t<div class=\"elementor-spacer-inner\"><\/div>\n\t\t<\/div>\n\t\t\t\t\t\t<\/div>\n\t\t\t\t<\/div>\n\t\t\t\t<\/div>\n\t\t\t\t<\/div>\n\t\t\t\t\t<\/div>\n\t\t\t\t<\/div>\n\t\t\t\t<\/div>\n\t\t","protected":false},"excerpt":{"rendered":"<p>Mes \u00e9v\u00e8nements Novembre 2025 Rassemblement U6 de 15h30 \u00e0 16h30 au Stade Fournier. Plateau U10 \u201cJe fais mes premiers matchs [&hellip;]<\/p>\n","protected":false},"author":1,"featured_media":0,"parent":0,"menu_order":0,"comment_status":"closed","ping_status":"closed","template":"","meta":{"site-sidebar-layout":"no-sidebar","site-content-layout":"","ast-site-content-layout":"full-width-container","site-content-style":"default","site-sidebar-style":"default","ast-global-header-display":"","ast-banner-title-visibility":"","ast-main-header-display":"","ast-hfb-above-header-display":"","ast-hfb-below-header-display":"","ast-hfb-mobile-header-display":"","site-post-title":"disabled","ast-breadcrumbs-content":"","ast-featured-img":"disabled","footer-sml-layout":"","theme-transparent-header-meta":"","adv-header-id-meta":"","stick-header-meta":"","header-above-stick-meta":"","header-main-stick-meta":"","header-below-stick-meta":"","astra-migrate-meta-layouts":"default","ast-page-background-enabled":"default","ast-page-background-meta":{"desktop":{"background-color":"var(--ast-global-color-5)","background-image":"","background-repeat":"repeat","background-position":"center center","background-size":"auto","background-attachment":"scroll","background-type":"","background-media":"","overlay-type":"","overlay-color":"","overlay-opacity":"","overlay-gradient":""},"tablet":{"background-color":"","background-image":"","background-repeat":"repeat","background-position":"center center","background-size":"auto","background-attachment":"scroll","background-type":"","background-media":"","overlay-type":"","overlay-color":"","overlay-opacity":"","overlay-gradient":""},"mobile":{"background-color":"","background-image":"","background-repeat":"repeat","background-position":"center center","background-size":"auto","background-attachment":"scroll","background-type":"","background-media":"","overlay-type":"","overlay-color":"","overlay-opacity":"","overlay-gradient":""}},"ast-content-background-meta":{"desktop":{"background-color":"var(--ast-global-color-4)","background-image":"","background-repeat":"repeat","background-position":"center center","background-size":"auto","background-attachment":"scroll","background-type":"","background-media":"","overlay-type":"","overlay-color":"","overlay-opacity":"","overlay-gradient":""},"tablet":{"background-color":"var(--ast-global-color-4)","background-image":"","background-repeat":"repeat","background-position":"center center","background-size":"auto","background-attachment":"scroll","background-type":"","background-media":"","overlay-type":"","overlay-color":"","overlay-opacity":"","overlay-gradient":""},"mobile":{"background-color":"var(--ast-global-color-4)","background-image":"","background-repeat":"repeat","background-position":"center center","background-size":"auto","background-attachment":"scroll","background-type":"","background-media":"","overlay-type":"","overlay-color":"","overlay-opacity":"","overlay-gradient":""}},"footnotes":""},"class_list":["post-1593","page","type-page","status-publish","hentry"],"yoast_head":"<!-- This site is optimized with the Yoast SEO plugin v27.3 - https:\/\/yoast.com\/product\/yoast-seo-wordpress\/ -->\n<title>Mes \u00e9v\u00e8nements - DRAVEIL TENNIS<\/title>\n<meta name=\"robots\" content=\"index, follow, max-snippet:-1, max-image-preview:large, max-video-preview:-1\" \/>\n<link rel=\"canonical\" href=\"https:\/\/draveilcitadelletc.fr\/?page_id=1593\" \/>\n<meta property=\"og:locale\" content=\"fr_FR\" \/>\n<meta property=\"og:type\" content=\"article\" \/>\n<meta property=\"og:title\" content=\"Mes \u00e9v\u00e8nements - DRAVEIL TENNIS\" \/>\n<meta property=\"og:description\" content=\"Mes \u00e9v\u00e8nements Novembre 2025 Rassemblement U6 de 15h30 \u00e0 16h30 au Stade Fournier. Plateau U10 \u201cJe fais mes premiers matchs [&hellip;]\" \/>\n<meta property=\"og:url\" content=\"https:\/\/draveilcitadelletc.fr\/?page_id=1593\" \/>\n<meta property=\"og:site_name\" content=\"DRAVEIL TENNIS\" \/>\n<meta property=\"article:publisher\" content=\"https:\/\/www.facebook.com\/draveilcitadelletc\/?locale=fr_FR\" \/>\n<meta property=\"article:modified_time\" content=\"2026-01-16T12:58:01+00:00\" \/>\n<meta name=\"twitter:card\" content=\"summary_large_image\" \/>\n<meta name=\"twitter:label1\" content=\"Dur\u00e9e de lecture estim\u00e9e\" \/>\n\t<meta name=\"twitter:data1\" content=\"1 minute\" \/>\n<script type=\"application\/ld+json\" class=\"yoast-schema-graph\">{\"@context\":\"https:\\\/\\\/schema.org\",\"@graph\":[{\"@type\":\"WebPage\",\"@id\":\"https:\\\/\\\/draveilcitadelletc.fr\\\/?page_id=1593\",\"url\":\"https:\\\/\\\/draveilcitadelletc.fr\\\/?page_id=1593\",\"name\":\"Mes \u00e9v\u00e8nements - DRAVEIL TENNIS\",\"isPartOf\":{\"@id\":\"https:\\\/\\\/draveilcitadelletc.fr\\\/#website\"},\"datePublished\":\"2025-09-11T16:26:40+00:00\",\"dateModified\":\"2026-01-16T12:58:01+00:00\",\"breadcrumb\":{\"@id\":\"https:\\\/\\\/draveilcitadelletc.fr\\\/?page_id=1593#breadcrumb\"},\"inLanguage\":\"fr-FR\",\"potentialAction\":[{\"@type\":\"ReadAction\",\"target\":[\"https:\\\/\\\/draveilcitadelletc.fr\\\/?page_id=1593\"]}]},{\"@type\":\"BreadcrumbList\",\"@id\":\"https:\\\/\\\/draveilcitadelletc.fr\\\/?page_id=1593#breadcrumb\",\"itemListElement\":[{\"@type\":\"ListItem\",\"position\":1,\"name\":\"Accueil\",\"item\":\"https:\\\/\\\/draveilcitadelletc.fr\\\/\"},{\"@type\":\"ListItem\",\"position\":2,\"name\":\"Mes \u00e9v\u00e8nements\"}]},{\"@type\":\"WebSite\",\"@id\":\"https:\\\/\\\/draveilcitadelletc.fr\\\/#website\",\"url\":\"https:\\\/\\\/draveilcitadelletc.fr\\\/\",\"name\":\"DRAVEIL CITADELLE TENNIS CLUB\",\"description\":\"Club de tennis de Draveil\",\"publisher\":{\"@id\":\"https:\\\/\\\/draveilcitadelletc.fr\\\/#organization\"},\"potentialAction\":[{\"@type\":\"SearchAction\",\"target\":{\"@type\":\"EntryPoint\",\"urlTemplate\":\"https:\\\/\\\/draveilcitadelletc.fr\\\/?s={search_term_string}\"},\"query-input\":{\"@type\":\"PropertyValueSpecification\",\"valueRequired\":true,\"valueName\":\"search_term_string\"}}],\"inLanguage\":\"fr-FR\"},{\"@type\":\"Organization\",\"@id\":\"https:\\\/\\\/draveilcitadelletc.fr\\\/#organization\",\"name\":\"DRAVEIL CITADELLE TENNIS CLUB\",\"url\":\"https:\\\/\\\/draveilcitadelletc.fr\\\/\",\"logo\":{\"@type\":\"ImageObject\",\"inLanguage\":\"fr-FR\",\"@id\":\"https:\\\/\\\/draveilcitadelletc.fr\\\/#\\\/schema\\\/logo\\\/image\\\/\",\"url\":\"https:\\\/\\\/draveilcitadelletc.fr\\\/wp-content\\\/uploads\\\/2025\\\/05\\\/version_def_vect.png\",\"contentUrl\":\"https:\\\/\\\/draveilcitadelletc.fr\\\/wp-content\\\/uploads\\\/2025\\\/05\\\/version_def_vect.png\",\"width\":528,\"height\":592,\"caption\":\"DRAVEIL CITADELLE TENNIS CLUB\"},\"image\":{\"@id\":\"https:\\\/\\\/draveilcitadelletc.fr\\\/#\\\/schema\\\/logo\\\/image\\\/\"},\"sameAs\":[\"https:\\\/\\\/www.facebook.com\\\/draveilcitadelletc\\\/?locale=fr_FR\",\"https:\\\/\\\/www.instagram.com\\\/draveilcitadelletennisclub\\\/\"]}]}<\/script>\n<!-- \/ Yoast SEO plugin. -->","yoast_head_json":{"title":"Mes \u00e9v\u00e8nements - DRAVEIL TENNIS","robots":{"index":"index","follow":"follow","max-snippet":"max-snippet:-1","max-image-preview":"max-image-preview:large","max-video-preview":"max-video-preview:-1"},"canonical":"https:\/\/draveilcitadelletc.fr\/?page_id=1593","og_locale":"fr_FR","og_type":"article","og_title":"Mes \u00e9v\u00e8nements - DRAVEIL TENNIS","og_description":"Mes \u00e9v\u00e8nements Novembre 2025 Rassemblement U6 de 15h30 \u00e0 16h30 au Stade Fournier. Plateau U10 \u201cJe fais mes premiers matchs [&hellip;]","og_url":"https:\/\/draveilcitadelletc.fr\/?page_id=1593","og_site_name":"DRAVEIL TENNIS","article_publisher":"https:\/\/www.facebook.com\/draveilcitadelletc\/?locale=fr_FR","article_modified_time":"2026-01-16T12:58:01+00:00","twitter_card":"summary_large_image","twitter_misc":{"Dur\u00e9e de lecture estim\u00e9e":"1 minute"},"schema":{"@context":"https:\/\/schema.org","@graph":[{"@type":"WebPage","@id":"https:\/\/draveilcitadelletc.fr\/?page_id=1593","url":"https:\/\/draveilcitadelletc.fr\/?page_id=1593","name":"Mes \u00e9v\u00e8nements - DRAVEIL TENNIS","isPartOf":{"@id":"https:\/\/draveilcitadelletc.fr\/#website"},"datePublished":"2025-09-11T16:26:40+00:00","dateModified":"2026-01-16T12:58:01+00:00","breadcrumb":{"@id":"https:\/\/draveilcitadelletc.fr\/?page_id=1593#breadcrumb"},"inLanguage":"fr-FR","potentialAction":[{"@type":"ReadAction","target":["https:\/\/draveilcitadelletc.fr\/?page_id=1593"]}]},{"@type":"BreadcrumbList","@id":"https:\/\/draveilcitadelletc.fr\/?page_id=1593#breadcrumb","itemListElement":[{"@type":"ListItem","position":1,"name":"Accueil","item":"https:\/\/draveilcitadelletc.fr\/"},{"@type":"ListItem","position":2,"name":"Mes \u00e9v\u00e8nements"}]},{"@type":"WebSite","@id":"https:\/\/draveilcitadelletc.fr\/#website","url":"https:\/\/draveilcitadelletc.fr\/","name":"DRAVEIL CITADELLE TENNIS CLUB","description":"Club de tennis de Draveil","publisher":{"@id":"https:\/\/draveilcitadelletc.fr\/#organization"},"potentialAction":[{"@type":"SearchAction","target":{"@type":"EntryPoint","urlTemplate":"https:\/\/draveilcitadelletc.fr\/?s={search_term_string}"},"query-input":{"@type":"PropertyValueSpecification","valueRequired":true,"valueName":"search_term_string"}}],"inLanguage":"fr-FR"},{"@type":"Organization","@id":"https:\/\/draveilcitadelletc.fr\/#organization","name":"DRAVEIL CITADELLE TENNIS CLUB","url":"https:\/\/draveilcitadelletc.fr\/","logo":{"@type":"ImageObject","inLanguage":"fr-FR","@id":"https:\/\/draveilcitadelletc.fr\/#\/schema\/logo\/image\/","url":"https:\/\/draveilcitadelletc.fr\/wp-content\/uploads\/2025\/05\/version_def_vect.png","contentUrl":"https:\/\/draveilcitadelletc.fr\/wp-content\/uploads\/2025\/05\/version_def_vect.png","width":528,"height":592,"caption":"DRAVEIL CITADELLE TENNIS CLUB"},"image":{"@id":"https:\/\/draveilcitadelletc.fr\/#\/schema\/logo\/image\/"},"sameAs":["https:\/\/www.facebook.com\/draveilcitadelletc\/?locale=fr_FR","https:\/\/www.instagram.com\/draveilcitadelletennisclub\/"]}]}},"_links":{"self":[{"href":"https:\/\/draveilcitadelletc.fr\/index.php?rest_route=\/wp\/v2\/pages\/1593","targetHints":{"allow":["GET"]}}],"collection":[{"href":"https:\/\/draveilcitadelletc.fr\/index.php?rest_route=\/wp\/v2\/pages"}],"about":[{"href":"https:\/\/draveilcitadelletc.fr\/index.php?rest_route=\/wp\/v2\/types\/page"}],"author":[{"embeddable":true,"href":"https:\/\/draveilcitadelletc.fr\/index.php?rest_route=\/wp\/v2\/users\/1"}],"replies":[{"embeddable":true,"href":"https:\/\/draveilcitadelletc.fr\/index.php?rest_route=%2Fwp%2Fv2%2Fcomments&post=1593"}],"version-history":[{"count":88,"href":"https:\/\/draveilcitadelletc.fr\/index.php?rest_route=\/wp\/v2\/pages\/1593\/revisions"}],"predecessor-version":[{"id":2648,"href":"https:\/\/draveilcitadelletc.fr\/index.php?rest_route=\/wp\/v2\/pages\/1593\/revisions\/2648"}],"wp:attachment":[{"href":"https:\/\/draveilcitadelletc.fr\/index.php?rest_route=%2Fwp%2Fv2%2Fmedia&parent=1593"}],"curies":[{"name":"wp","href":"https:\/\/api.w.org\/{rel}","templated":true}]}}